{"id":77,"date":"2014-10-15T19:40:07","date_gmt":"2014-10-15T19:40:07","guid":{"rendered":"http:\/\/gegenschaetze.de\/?page_id=77"},"modified":"2023-07-26T12:26:59","modified_gmt":"2023-07-26T12:26:59","slug":"prognose","status":"publish","type":"page","link":"https:\/\/mondknoten.de\/?page_id=77","title":{"rendered":"Profil"},"content":{"rendered":"<div class=\"row-fluid \"><div class=\"span4 \"><a href=\"https:\/\/mondknoten.de\/wp-content\/uploads\/2014\/10\/300x127_us_sw_portraet.jpg\"><img loading=\"lazy\" decoding=\"async\" class=\"alignnone size-full wp-image-476\" src=\"https:\/\/mondknoten.de\/wp-content\/uploads\/2014\/10\/300x127_us_sw_portraet.jpg\" alt=\"300x127_us_sw_portraet\" width=\"300\" height=\"127\" \/><\/a><br \/><\/div><div class=\"span8 \"><span style=\"color: #3a7d8c;\"><strong>Ulrike Madeleine Schwartzkopff,<\/strong><\/span> Jahrgang 1963, Ausbildung zur Sozialp\u00e4dagogin und Kunsttherapeutin, besch\u00e4ftigt sich seit 30 Jahren mit Astrologie und ist seit gut 25 Jahren als astrologische Beraterin t\u00e4tig.<\/div><\/div> <!-- .row-fluid (end) -->\n<hr \/>\n<div class=\"hr\"><\/div><!-- .hr (end) -->\n<p><span style=\"color: #3a7d8c;\"><strong>\u2022 <\/strong><\/span>Schwerpunkt: Evolution\u00e4re Astrologie und karmische Interpretation der Mondknotenachse<\/p>\n<p><span style=\"color: #3a7d8c;\"><strong>\u2022 <\/strong><\/span>Meistersch\u00fclerin von Jeff Green<\/p>\n<p><span style=\"color: #3a7d8c;\"><strong>\u2022 <\/strong><\/span>Weit \u00fcber 2000 Beratungen b\u00fcrgen f\u00fcr Qualit\u00e4t<\/p>\n<p><span style=\"color: #3a7d8c;\"><strong>\u2022 <\/strong><\/span>F\u00fcnfzehn Jahre Unterrichtst\u00e4tigkeit an unterschiedlichen Orten in Deutschland, u.a. in Hamburg, M\u00fcnchen, Frankfurt &amp; Berlin<\/p>\n<p><span style=\"color: #3a7d8c;\"><strong>\u2022 <\/strong><\/span>seit 20 Jahren Referentin zu unterschiedlichen astrologischen Themen in Hamburg, M\u00fcnchen, Berlin &amp; Frankfurt<\/p>\n<p><span style=\"color: #3a7d8c;\"><strong>\u2022 <\/strong><\/span>Autorin z. B. f\u00fcr ASTROLOGIE HEUTE und dem Buch: 'Neptun trifft Pluto', Generationsplaneten in der Evolution\u00e4ren Astrologie (siehe Ver\u00f6ffentlichungen)<\/p>\n","protected":false},"excerpt":{"rendered":"\u2022 Schwerpunkt: Evolution\u00e4re Astrologie und karmische Interpretation der Mondknotenachse \u2022 Meistersch\u00fclerin von Jeff Green \u2022 Weit \u00fcber 2000 Beratungen b\u00fcrgen f\u00fcr Qualit\u00e4t \u2022 F\u00fcnfzehn Jahre Unterrichtst\u00e4tigkeit an unterschiedlichen Orten in Deutschland, u.a. in Hamburg, M\u00fcnchen, Frankfurt &amp; Berlin \u2022 seit 20 Jahren Referentin zu unterschiedlichen astrologischen Themen in Hamburg, M\u00fcnchen, Berlin &amp; Frankfurt \u2022 Autorin z. B. f\u00fcr ASTROLOGIE HEUTE&nbsp;<a href=\"https:\/\/mondknoten.de\/?page_id=77\" class=\"read-more\">Weiter lesen<\/a>","protected":false},"author":1,"featured_media":0,"parent":0,"menu_order":0,"comment_status":"open","ping_status":"open","template":"","meta":{"footnotes":""},"class_list":["post-77","page","type-page","status-publish","hentry"],"_links":{"self":[{"href":"https:\/\/mondknoten.de\/index.php?rest_route=\/wp\/v2\/pages\/77","targetHints":{"allow":["GET"]}}],"collection":[{"href":"https:\/\/mondknoten.de\/index.php?rest_route=\/wp\/v2\/pages"}],"about":[{"href":"https:\/\/mondknoten.de\/index.php?rest_route=\/wp\/v2\/types\/page"}],"author":[{"embeddable":true,"href":"https:\/\/mondknoten.de\/index.php?rest_route=\/wp\/v2\/users\/1"}],"replies":[{"embeddable":true,"href":"https:\/\/mondknoten.de\/index.php?rest_route=%2Fwp%2Fv2%2Fcomments&post=77"}],"version-history":[{"count":21,"href":"https:\/\/mondknoten.de\/index.php?rest_route=\/wp\/v2\/pages\/77\/revisions"}],"predecessor-version":[{"id":1417,"href":"https:\/\/mondknoten.de\/index.php?rest_route=\/wp\/v2\/pages\/77\/revisions\/1417"}],"wp:attachment":[{"href":"https:\/\/mondknoten.de\/index.php?rest_route=%2Fwp%2Fv2%2Fmedia&parent=77"}],"curies":[{"name":"wp","href":"https:\/\/api.w.org\/{rel}","templated":true}]}}