{"id":75,"date":"2014-10-15T19:39:40","date_gmt":"2014-10-15T19:39:40","guid":{"rendered":"http:\/\/gegenschaetze.de\/?page_id=75"},"modified":"2023-07-26T12:16:51","modified_gmt":"2023-07-26T12:16:51","slug":"geburtshoroskop","status":"publish","type":"page","link":"https:\/\/mondknoten.de\/?page_id=75","title":{"rendered":"Im Detail"},"content":{"rendered":"<div class=\"row-fluid \"><div class=\"span4 \"><a href=\"https:\/\/mondknoten.de\/wp-content\/uploads\/2014\/10\/300x127_radix.jpg\"><img loading=\"lazy\" decoding=\"async\" class=\"alignnone size-full wp-image-481\" src=\"https:\/\/mondknoten.de\/wp-content\/uploads\/2014\/10\/300x127_radix.jpg\" alt=\"300x127_radix\" width=\"300\" height=\"127\" \/><\/a><br \/><\/div><div class=\"span8 \">Eine Beratung aus Sicht der Evolution\u00e4ren Astrologie \u00f6ffnet die Augen f\u00fcr den pers\u00f6nlichen \"Roten Faden\" im Leben. Jeder von uns hat einen tiefen, seelischen Grund der das Dasein bestimmt. Die Betrachtung des eigenen Lebenswegs aus dieser Perspektive hat etwas grunds\u00e4tzlich Kl\u00e4rendes auch wenn es um eine aktuelle Situation geht.<\/div>\n<\/div> <!-- .row-fluid (end) -->\n<hr \/>\n<div class=\"hr\"><\/div><!-- .hr (end) -->\n<div class=\"row-fluid \"><div class=\"span4 \"><p><span style=\"color: #3a7d8c;\"><strong>Geburtshoroskop und Transite<\/strong><\/span><br \/>\nEine Beratung, in der sowohl grunds\u00e4tzliche Themen des Lebens als auch die aktuellen Umst\u00e4nde mit einbezogen werden, kann sehr motivierend sein. Bei dieser Vorgehensweise werden Ursache und Wirkung zwischen dem, was ist, und dem, was war, offensichtlich. Derartige Erkenntnisse haben eine gro\u00dfe Kraft und k\u00f6nnen begeistern.<\/p><\/div><div class=\"span4 \"><p><span style=\"color: #3a7d8c;\"><strong>Familie und Beziehungen<\/strong><\/span><br \/>\nSehr befreiend kann ein intensiver Blick auf unsere Familie sein, denn die pr\u00e4genden Umst\u00e4nde der fr\u00fchen Kindheit haben einen gro\u00dfen Einfluss auf unser Beziehungsleben heute. Es sind aus der Vergangenheit resultierende oftmals, unbewusste Mechanismen, die zu einer Wiederholung bestimmter, zwischenmenschlicher Erfahrungen f\u00fchren. Eine Kl\u00e4rung dieser Hintergr\u00fcnde \u00f6ffnet die T\u00fcr zu einem neuen und selbstbestimmteren Miteinander.<\/p><\/div><div class=\"span4 \"><p><span style=\"color: #3a7d8c;\"><strong>Ihre Beratung im Detail<\/strong><\/span><br \/>\nEine Beratung kann pers\u00f6nlich, telefonisch oder virtuell stattfinden. In der Regel betr\u00e4gt die Dauer 90 Minuten. Sie erhalten eine Dokumentation des Gespr\u00e4chs als mp3 bzw. Audio-CD. Terminvereinbarungen sind spontan m\u00f6glich unter 0175 - 416 24 02 oder 04104-9688729.<\/p><\/div><\/div> <!-- .row-fluid (end) -->\n","protected":false},"excerpt":{"rendered":"","protected":false},"author":1,"featured_media":0,"parent":0,"menu_order":0,"comment_status":"open","ping_status":"open","template":"","meta":{"footnotes":""},"class_list":["post-75","page","type-page","status-publish","hentry"],"_links":{"self":[{"href":"https:\/\/mondknoten.de\/index.php?rest_route=\/wp\/v2\/pages\/75","targetHints":{"allow":["GET"]}}],"collection":[{"href":"https:\/\/mondknoten.de\/index.php?rest_route=\/wp\/v2\/pages"}],"about":[{"href":"https:\/\/mondknoten.de\/index.php?rest_route=\/wp\/v2\/types\/page"}],"author":[{"embeddable":true,"href":"https:\/\/mondknoten.de\/index.php?rest_route=\/wp\/v2\/users\/1"}],"replies":[{"embeddable":true,"href":"https:\/\/mondknoten.de\/index.php?rest_route=%2Fwp%2Fv2%2Fcomments&post=75"}],"version-history":[{"count":27,"href":"https:\/\/mondknoten.de\/index.php?rest_route=\/wp\/v2\/pages\/75\/revisions"}],"predecessor-version":[{"id":1412,"href":"https:\/\/mondknoten.de\/index.php?rest_route=\/wp\/v2\/pages\/75\/revisions\/1412"}],"wp:attachment":[{"href":"https:\/\/mondknoten.de\/index.php?rest_route=%2Fwp%2Fv2%2Fmedia&parent=75"}],"curies":[{"name":"wp","href":"https:\/\/api.w.org\/{rel}","templated":true}]}}