{"id":65,"date":"2014-10-15T19:33:52","date_gmt":"2014-10-15T19:33:52","guid":{"rendered":"http:\/\/gegenschaetze.de\/?page_id=65"},"modified":"2018-01-10T17:26:23","modified_gmt":"2018-01-10T17:26:23","slug":"anmeldung","status":"publish","type":"page","link":"https:\/\/mondknoten.de\/?page_id=65","title":{"rendered":"Termine"},"content":{"rendered":"<div class=\"row-fluid \"><div class=\"span4 \"><a href=\"https:\/\/mondknoten.de\/wp-content\/uploads\/2014\/10\/300x127_ausbildung.jpg\"><img loading=\"lazy\" decoding=\"async\" class=\"alignnone size-full wp-image-470\" src=\"https:\/\/mondknoten.de\/wp-content\/uploads\/2014\/10\/300x127_ausbildung.jpg\" alt=\"300x127_ausbildung\" width=\"300\" height=\"127\" \/><\/a><br \/><\/div><div class=\"span8 \">Zur Zeit ist der n\u00e4chste Ausbildungszyklus in Planung. Der kommende\u00a0Start wird am 3. und 4. M\u00e4rz 2018 sein. Die maximale Teilnehmerzahl f\u00fcr den Grundkurs wird 15 Teilnehmer betragen. Dieser Kurs, indem die Grundlagen der Evolution\u00e4ren Astrologie und die dazugeh\u00f6rigen Deutungsregeln er\u00f6rtert werden, ist f\u00fcr 4 Wochenenden anberaumt.<\/p>\n<p>3.\/4. M\u00e4rz 2018<\/p>\n<p>7.\/8. April<\/p>\n<p>5.\/6. Mai<\/div><\/div> <!-- .row-fluid (end) -->\n<hr \/>\n<div class=\"hr\"><\/div><!-- .hr (end) -->\n<p>Bei Fragen zur Ausbildung stehe ich Ihnen jederzeit zur Verf\u00fcgung. Sie k\u00f6nnen sich gerne vormerken lassen oder gleich einen Platz in der Gruppe reservieren.<\/p>\n","protected":false},"excerpt":{"rendered":"Bei Fragen zur Ausbildung stehe ich Ihnen jederzeit zur Verf\u00fcgung. Sie k\u00f6nnen sich gerne vormerken lassen oder gleich einen Platz in der Gruppe reservieren.","protected":false},"author":1,"featured_media":0,"parent":0,"menu_order":0,"comment_status":"open","ping_status":"open","template":"","meta":{"footnotes":""},"class_list":["post-65","page","type-page","status-publish","hentry"],"_links":{"self":[{"href":"https:\/\/mondknoten.de\/index.php?rest_route=\/wp\/v2\/pages\/65","targetHints":{"allow":["GET"]}}],"collection":[{"href":"https:\/\/mondknoten.de\/index.php?rest_route=\/wp\/v2\/pages"}],"about":[{"href":"https:\/\/mondknoten.de\/index.php?rest_route=\/wp\/v2\/types\/page"}],"author":[{"embeddable":true,"href":"https:\/\/mondknoten.de\/index.php?rest_route=\/wp\/v2\/users\/1"}],"replies":[{"embeddable":true,"href":"https:\/\/mondknoten.de\/index.php?rest_route=%2Fwp%2Fv2%2Fcomments&post=65"}],"version-history":[{"count":18,"href":"https:\/\/mondknoten.de\/index.php?rest_route=\/wp\/v2\/pages\/65\/revisions"}],"predecessor-version":[{"id":977,"href":"https:\/\/mondknoten.de\/index.php?rest_route=\/wp\/v2\/pages\/65\/revisions\/977"}],"wp:attachment":[{"href":"https:\/\/mondknoten.de\/index.php?rest_route=%2Fwp%2Fv2%2Fmedia&parent=65"}],"curies":[{"name":"wp","href":"https:\/\/api.w.org\/{rel}","templated":true}]}}