{"id":61,"date":"2014-10-15T19:32:22","date_gmt":"2014-10-15T19:32:22","guid":{"rendered":"http:\/\/gegenschaetze.de\/?page_id=61"},"modified":"2016-09-05T10:09:07","modified_gmt":"2016-09-05T10:09:07","slug":"aufbaukurs","status":"publish","type":"page","link":"https:\/\/mondknoten.de\/?page_id=61","title":{"rendered":"Aufbaukurs"},"content":{"rendered":"<div class=\"row-fluid \"><div class=\"span4 \"><a href=\"https:\/\/mondknoten.de\/wp-content\/uploads\/2014\/10\/300x127_us_chart.jpg\"><img loading=\"lazy\" decoding=\"async\" class=\"alignnone size-full wp-image-467\" src=\"https:\/\/mondknoten.de\/wp-content\/uploads\/2014\/10\/300x127_us_chart.jpg\" alt=\"300x127_us_chart\" width=\"300\" height=\"127\" \/><\/a><br \/><\/div><div class=\"span8 \">Der Aufbaukurs vertieft die drei elementaren Themenbereiche des Grundkurses. Alle Teilnehmer erhalten ein Zertifikat.<\/div><\/div> <!-- .row-fluid (end) -->\n<hr \/>\n<div class=\"hr\"><\/div><!-- .hr (end) -->\n<div class=\"row-fluid \"><div class=\"span4 \"><p>1. WOCHENENDE<br \/>\n<span style=\"color: #3a7d8c;\"><strong>Basiswissen. Visionssuche.<\/strong><\/span><br \/>\nWie kann ich meine Ideen in die Realit\u00e4t bringen? Der Tierkreis r\u00fcckw\u00e4rts. Individuell ausgehend vom 12. Haus, die Reise einer Vision, eines Wunsches bis zu seiner Geburt.<\/p><\/div><div class=\"span4 \"><p>2. WOCHENENDE<br \/>\n<span style=\"color: #3a7d8c;\"><strong>Prognose.<\/strong><\/span><br \/>\nAktuelle Ereignisse im Zeitgeschehen auf kollektiver und pers\u00f6nlicher Ebene.<\/p><\/div><div class=\"span4 \"><p>3. WOCHENENDE<br \/>\n<span style=\"color: #3a7d8c;\"><strong>Partnerschaft.<\/strong><\/span><br \/>\nMars und Venus im Aspekt zueinander (Phasenlehre). Die Stellung von Mars und Venus im Geburtshoroskop gibt Aufschluss \u00fcber unsere Beziehungs\u00addynamik. Wie gehen wir auf Menschen zu und was interessiert uns am meisten an ihnen.<\/p><\/div><\/div> <!-- .row-fluid (end) -->\n","protected":false},"excerpt":{"rendered":"","protected":false},"author":1,"featured_media":0,"parent":18,"menu_order":0,"comment_status":"open","ping_status":"open","template":"","meta":{"footnotes":""},"class_list":["post-61","page","type-page","status-publish","hentry"],"_links":{"self":[{"href":"https:\/\/mondknoten.de\/index.php?rest_route=\/wp\/v2\/pages\/61","targetHints":{"allow":["GET"]}}],"collection":[{"href":"https:\/\/mondknoten.de\/index.php?rest_route=\/wp\/v2\/pages"}],"about":[{"href":"https:\/\/mondknoten.de\/index.php?rest_route=\/wp\/v2\/types\/page"}],"author":[{"embeddable":true,"href":"https:\/\/mondknoten.de\/index.php?rest_route=\/wp\/v2\/users\/1"}],"replies":[{"embeddable":true,"href":"https:\/\/mondknoten.de\/index.php?rest_route=%2Fwp%2Fv2%2Fcomments&post=61"}],"version-history":[{"count":10,"href":"https:\/\/mondknoten.de\/index.php?rest_route=\/wp\/v2\/pages\/61\/revisions"}],"predecessor-version":[{"id":868,"href":"https:\/\/mondknoten.de\/index.php?rest_route=\/wp\/v2\/pages\/61\/revisions\/868"}],"up":[{"embeddable":true,"href":"https:\/\/mondknoten.de\/index.php?rest_route=\/wp\/v2\/pages\/18"}],"wp:attachment":[{"href":"https:\/\/mondknoten.de\/index.php?rest_route=%2Fwp%2Fv2%2Fmedia&parent=61"}],"curies":[{"name":"wp","href":"https:\/\/api.w.org\/{rel}","templated":true}]}}