{"id":58,"date":"2014-10-15T19:31:01","date_gmt":"2014-10-15T19:31:01","guid":{"rendered":"http:\/\/gegenschaetze.de\/?page_id=58"},"modified":"2020-04-15T12:44:53","modified_gmt":"2020-04-15T12:44:53","slug":"grundkurs","status":"publish","type":"page","link":"https:\/\/mondknoten.de\/?page_id=58","title":{"rendered":"Grundkurs"},"content":{"rendered":"<div class=\"row-fluid \"><div class=\"span4 \"><a href=\"https:\/\/mondknoten.de\/wp-content\/uploads\/2014\/10\/Slider_03_ausbildung.jpg\"><img loading=\"lazy\" decoding=\"async\" class=\"alignnone  wp-image-100\" src=\"https:\/\/mondknoten.de\/wp-content\/uploads\/2014\/10\/Slider_03_ausbildung-300x127.jpg\" alt=\"Slider_03_ausbildung\" width=\"364\" height=\"154\" srcset=\"https:\/\/mondknoten.de\/wp-content\/uploads\/2014\/10\/Slider_03_ausbildung-300x127.jpg 300w, https:\/\/mondknoten.de\/wp-content\/uploads\/2014\/10\/Slider_03_ausbildung.jpg 784w\" sizes=\"auto, (max-width: 364px) 100vw, 364px\" \/><\/a><br \/><\/div><div class=\"span8 \">Der Grundkurs behandelt drei elementare Themenbereiche und vermittelt neben Kenntnissen zur Horoskopdeutung ein ganzheitliches System, das eine erweiterte und einf\u00fchlsame Sichtweise auf das Leben bietet. Er wird mit einem Zertifikat abgeschlossen.<\/div><\/div> <!-- .row-fluid (end) -->\n<hr \/>\n<div class=\"hr\"><\/div><!-- .hr (end) -->\n<div class=\"row-fluid \"><div class=\"span4 \"><p>WOCHENENDE 1 + 2<br \/>\n<span style=\"color: #3a7d8c;\"><strong>Eine Reise durch das Leben.<\/strong><\/span><br \/>\nEinf\u00fchrung in die Philosophie und Methodik der Evolution\u00e4ren Astrologie, der Aufbau des Tierkreises und die Deutung pers\u00f6nlicher Horoskope - Selbstanalyse \u2013 der individuelle rote Faden im Leben.<\/p><\/div><div class=\"span4 \"><p>WOCHENENDE 3+4<br \/>\n<span style=\"color: #3a7d8c;\"><strong>Die Qualit\u00e4t des Augenblicks.<\/strong><\/span><br \/>\nDie Zeitqualit\u00e4t, aktuelle Planeten-Konstellationen und deren Bedeutung f\u00fcr den eigenen Entwicklungsprozess \u2013 wo stehe ich?<\/p><\/div><div class=\"span4 \"><p>WOCHENENDE 5+6<br \/>\n<span style=\"color: #3a7d8c;\"><strong>Beziehung und Selbstliebe.<\/strong><\/span><br \/>\nDer innere Magnetismus, Anziehung und Absto\u00dfung, meine Beziehungen, Familie, Freunde, Partnerschaften \u2013 meine Sehns\u00fcchte und W\u00fcnsche hinsichtlich einer Partnerschaft.<\/p><\/div><\/div> <!-- .row-fluid (end) -->\n","protected":false},"excerpt":{"rendered":"","protected":false},"author":1,"featured_media":0,"parent":0,"menu_order":0,"comment_status":"open","ping_status":"open","template":"","meta":{"footnotes":""},"class_list":["post-58","page","type-page","status-publish","hentry"],"_links":{"self":[{"href":"https:\/\/mondknoten.de\/index.php?rest_route=\/wp\/v2\/pages\/58","targetHints":{"allow":["GET"]}}],"collection":[{"href":"https:\/\/mondknoten.de\/index.php?rest_route=\/wp\/v2\/pages"}],"about":[{"href":"https:\/\/mondknoten.de\/index.php?rest_route=\/wp\/v2\/types\/page"}],"author":[{"embeddable":true,"href":"https:\/\/mondknoten.de\/index.php?rest_route=\/wp\/v2\/users\/1"}],"replies":[{"embeddable":true,"href":"https:\/\/mondknoten.de\/index.php?rest_route=%2Fwp%2Fv2%2Fcomments&post=58"}],"version-history":[{"count":13,"href":"https:\/\/mondknoten.de\/index.php?rest_route=\/wp\/v2\/pages\/58\/revisions"}],"predecessor-version":[{"id":1213,"href":"https:\/\/mondknoten.de\/index.php?rest_route=\/wp\/v2\/pages\/58\/revisions\/1213"}],"wp:attachment":[{"href":"https:\/\/mondknoten.de\/index.php?rest_route=%2Fwp%2Fv2%2Fmedia&parent=58"}],"curies":[{"name":"wp","href":"https:\/\/api.w.org\/{rel}","templated":true}]}}