{"id":24,"date":"2014-10-15T13:17:10","date_gmt":"2014-10-15T13:17:10","guid":{"rendered":"http:\/\/gegenschaetze.de\/?page_id=24"},"modified":"2019-04-08T16:08:31","modified_gmt":"2019-04-08T16:08:31","slug":"buecher-beitraege","status":"publish","type":"page","link":"https:\/\/mondknoten.de\/?page_id=24","title":{"rendered":"Ver\u00f6ffentlichungen"},"content":{"rendered":"\n<figure class=\"wp-block-image\"><img loading=\"lazy\" decoding=\"async\" width=\"302\" height=\"484\" src=\"https:\/\/mondknoten.de\/wp-content\/uploads\/2019\/04\/image001.jpg\" alt=\"\" class=\"wp-image-1100\"\/><\/figure>\n\n\n\n<p><strong>Standardwerke der Astrologie<\/strong><\/p>\n\n\n\n<p><strong>Die Generationen von Eltern und Kindern treffen nicht zuf\u00e4llig aufeinander. Vielmehr haben beide in ihren Seelenthemen die Aufgabe, sich gegenseitig zu unterst\u00fctzen. Die Positionen von Uranus Neptun und Pluto sind am aussagekr\u00e4ftigsten, weil diese sich \u00fcber Jahre in einem Tierkreiszeichen aufhalten. So sind ganze Jahrg\u00e4nge jeweils von ein und derselben Grundkonstellation betroffen, was aus astrologischer Sicht einer kollektiven Pr\u00e4gung entspricht. Eltern und Kinder mit ihren jeweiligen Seelenthemen haben demnach die Aufgabe, sich gegenseitig auf ihrem Weg zu unterst\u00fctzen. In der Disposition der Eltern und der ihrer Kinder liegt f\u00fcr beide Seiten ein enormes Entwicklungspotenzial.<\/strong><br><\/p>\n\n\n\n<p><strong>Informationen zum Verlagsprogramm:<\/strong><\/p>\n\n\n\n<p><a href=\"https:\/\/www.astronova.de\/Planeten-und-Zyklen-astronova\/Pluto\/Neptun-trifft-Pluto.html?force_sid=nsrbqfhl8jbddr274t712o90v4\" target=\"_blank\" rel=\"noreferrer noopener\" aria-label=\"Chiron-Verlag (\u00f6ffnet in neuem Tab)\">Chiron-Verlag<\/a><\/p>\n\n\n\n<p><strong>ISBN 978-3-89997-261-0<\/strong><\/p>\n\n\n\n<p><\/p>\n\n\n\n<p><\/p>\n\n\n\n<p><\/p>\n\n\n\n<p><\/p>\n\n\n\n<p><\/p>\n\n\n\n<p><\/p>\n\n\n<p><a href=\"https:\/\/mondknoten.de\/wp-content\/uploads\/2014\/10\/300x127_astroheute_logo.jpg\"><img loading=\"lazy\" decoding=\"async\" class=\"alignnone size-full wp-image-463\" src=\"https:\/\/mondknoten.de\/wp-content\/uploads\/2014\/10\/300x127_astroheute_logo.jpg\" alt=\"300x127_astroheute_logo\" width=\"300\" height=\"127\"><\/a><\/p>\n<p><\/p>\n<hr>\n<div class=\"hr\"><\/div><!-- .hr (end) -->\n<p><span style=\"color: #418287;\"><strong>\u00bbDer aktuelle Transit der Mondknotenachse aus karmisch-evolution\u00e4rer Sicht\u00ab<br><\/strong><\/span>in <a href=\"http:\/\/www.astrologieheute.ch\/index.aspx?mySite=Artikel&amp;ArtNr=982\" target=\"_blank\" rel=\"noopener noreferrer\">ASTROLOGIE HEUTE,<\/a> Nr. 135, Oktober\/November 2008<\/p>\n<p><span style=\"color: #418287;\">\u2028\u2028<strong>\u00bbMut zur eigenen Vision\u00ab<\/strong><\/span><br>in <a href=\"http:\/\/www.astrologieheute.ch\/index.aspx?mySite=Artikel&amp;ArtNr=1296\" target=\"_blank\" rel=\"noopener noreferrer\">ASTROLOGIE HEUTE,<\/a> Nr. 150, April\/Mai 2011<\/p>\n<p><span style=\"color: #418287;\"><strong>\u00bbUranus in Widder\u00ab<\/strong><\/span><br>in <a href=\"http:\/\/www.astrologieheute.ch\/index.aspx?mysite=artikel&amp;artnr=1319\" target=\"_blank\" rel=\"noopener noreferrer\">ASTROLOGIE HEUTE,<\/a> Nr. 151, Juni\/Juli 2011<\/p>\n<p><span style=\"color: #418287;\"><strong>\u00bbNeptun in den Fischen\u00ab<\/strong><\/span><br>in <a href=\"http:\/\/www.astrologieheute.ch\/index.aspx?mysite=artikel&amp;artnr=1448\" target=\"_blank\" rel=\"noopener noreferrer\">ASTROLOGIE HEUTE,<\/a> Nr. 157, Juni\/Juli 2012<br>PDF lesen: <a href=\"https:\/\/mondknoten.de\/wp-content\/uploads\/2014\/10\/Neptun_Fische.pdf\" target=\"_blank\" rel=\"noopener noreferrer\">Neptun in den Fischen<\/a><\/p>\n<p><span style=\"color: #418287;\"><strong>\u00bbDas kardinale Kreuz\u00ab<\/strong><\/span><br>in <a href=\"http:\/\/www.astrologieheute.de\/index.aspx?mySite=Artikel&amp;ArtNr=1707\" target=\"_blank\" rel=\"noopener noreferrer\">ASTROLOGIE HEUTE,<\/a> Nr. 168, April\/Mai 2014<\/p>","protected":false},"excerpt":{"rendered":"Standardwerke der Astrologie Die Generationen von Eltern und Kindern treffen nicht zuf\u00e4llig aufeinander. Vielmehr haben beide in ihren Seelenthemen die Aufgabe, sich gegenseitig zu unterst\u00fctzen. Die Positionen von Uranus Neptun und Pluto sind am aussagekr\u00e4ftigsten, weil diese sich \u00fcber Jahre in einem Tierkreiszeichen aufhalten. So sind ganze Jahrg\u00e4nge jeweils von ein und derselben Grundkonstellation betroffen, was aus astrologischer Sicht einer&nbsp;<a href=\"https:\/\/mondknoten.de\/?page_id=24\" class=\"read-more\">Weiter lesen<\/a>","protected":false},"author":1,"featured_media":0,"parent":0,"menu_order":0,"comment_status":"open","ping_status":"open","template":"","meta":{"footnotes":""},"class_list":["post-24","page","type-page","status-publish","hentry"],"_links":{"self":[{"href":"https:\/\/mondknoten.de\/index.php?rest_route=\/wp\/v2\/pages\/24","targetHints":{"allow":["GET"]}}],"collection":[{"href":"https:\/\/mondknoten.de\/index.php?rest_route=\/wp\/v2\/pages"}],"about":[{"href":"https:\/\/mondknoten.de\/index.php?rest_route=\/wp\/v2\/types\/page"}],"author":[{"embeddable":true,"href":"https:\/\/mondknoten.de\/index.php?rest_route=\/wp\/v2\/users\/1"}],"replies":[{"embeddable":true,"href":"https:\/\/mondknoten.de\/index.php?rest_route=%2Fwp%2Fv2%2Fcomments&post=24"}],"version-history":[{"count":23,"href":"https:\/\/mondknoten.de\/index.php?rest_route=\/wp\/v2\/pages\/24\/revisions"}],"predecessor-version":[{"id":1144,"href":"https:\/\/mondknoten.de\/index.php?rest_route=\/wp\/v2\/pages\/24\/revisions\/1144"}],"wp:attachment":[{"href":"https:\/\/mondknoten.de\/index.php?rest_route=%2Fwp%2Fv2%2Fmedia&parent=24"}],"curies":[{"name":"wp","href":"https:\/\/api.w.org\/{rel}","templated":true}]}}