{"id":2,"date":"2014-09-05T04:41:07","date_gmt":"2014-09-05T04:41:07","guid":{"rendered":"http:\/\/localhost\/wordpress-4.0\/wordpress\/?page_id=2"},"modified":"2025-04-09T13:21:03","modified_gmt":"2025-04-09T13:21:03","slug":"sample-page","status":"publish","type":"page","link":"https:\/\/mondknoten.de\/?page_id=2","title":{"rendered":"Beratung"},"content":{"rendered":"<p><span style=\"color: #3a7d8c;\"><strong><span style=\"color: #3a7d8c;\">Die Zuwendung zu Ihrem Erleben.<\/span><br \/>\n<\/strong><span style=\"color: #808080;\">Ulrike Madeleine Schwartzkopff begleitet Ihren Entwicklungsprozess in auffangenden Einzelberatungen, zeigt Ihnen konstruktive L\u00f6sungswege bei aktuellen Konflikten und Drucksituationen auf und unterst\u00fctzt Sie behutsam durch einleuchtende Erkl\u00e4rungsans\u00e4tze. Ihre Arbeit ist getragen von der Wertsch\u00e4tzung f\u00fcr die Einzigartigkeit eines jeden Menschen.<\/span><\/span><\/p>\n<p><span style=\"color: #3a7d8c;\"><strong><span style=\"color: #3a7d8c;\">Der Blick auf Ihr Leben.<\/span><br \/>\n<\/strong><\/span><span style=\"color: #808080;\">Eine Beratung aus Sicht der Evolution\u00e4ren Astrologie bietet Ihnen viele M\u00f6glichkeiten. Sie kann ereignisbezogen sein, wenn aktuelle Gegebenheiten die Betrachtung aus einer anderen - zus\u00e4tzlichen - Perspektive erfordern.<\/span><br \/>\n<span style=\"color: #808080;\"> Sehr befl\u00fcgelnd kann eine Beratung sein, in der sowohl grunds\u00e4tzliche Themen des Lebens als auch die aktuellen Umst\u00e4nde mit einbezogen werden. Diese Vorgehensweise l\u00e4sst Zusammenh\u00e4nge zwischen dem, was ist, und dem, was war, erkennen, so dass sich bisher Unerkl\u00e4rliches offenbaren kann.<\/span><\/p>\n<p><a href=\"https:\/\/mondknoten.de\/wp-content\/uploads\/2025\/04\/Transformation_und_Wandel.pdf\" target=\"_blank\" rel=\"noopener\"><strong>Aktuelles Beratungsangebot 2025<\/strong><\/a><\/p>\n<p>F\u00fcr weitere Informationen: <a href=\"https:\/\/mondknoten.de\/wp-content\/uploads\/2025\/04\/Transformation_und_Wandel.pdf\" target=\"_blank\" rel=\"noopener\">Hier geht's zum PDF<\/a><\/p>\n<p>&nbsp;<\/p>\n<p><a href=\"https:\/\/mondknoten.de\/wp-content\/uploads\/2014\/10\/220x119_dara_zaun.png\"><img loading=\"lazy\" decoding=\"async\" class=\"alignright wp-image-206 size-full\" src=\"https:\/\/mondknoten.de\/wp-content\/uploads\/2014\/10\/220x119_dara_zaun.png\" alt=\"220x119_dara_zaun\" width=\"220\" height=\"119\" \/><\/a><span style=\"color: #3a7d8c;\"><em>Ulrike Schwartzkopff begleitet Heilungsprozesse in Einzelberatungen, sie leitet \u00dcbungsgruppen, Themenabende <\/em><\/span><span style=\"color: #3a7d8c;\"><em>und -wochenenden, h\u00e4lt Vortr\u00e4ge und bildet zur Evolution\u00e4ren Astrolog(in) aus.<br \/>\n<\/em><\/span><\/p>\n<address>\u00a0<\/address>\n","protected":false},"excerpt":{"rendered":"Die Zuwendung zu Ihrem Erleben. Ulrike Madeleine Schwartzkopff begleitet Ihren Entwicklungsprozess in auffangenden Einzelberatungen, zeigt Ihnen konstruktive L\u00f6sungswege bei aktuellen Konflikten und Drucksituationen auf und unterst\u00fctzt Sie behutsam durch einleuchtende Erkl\u00e4rungsans\u00e4tze. Ihre Arbeit ist getragen von der Wertsch\u00e4tzung f\u00fcr die Einzigartigkeit eines jeden Menschen. Der Blick auf Ihr Leben. Eine Beratung aus Sicht der Evolution\u00e4ren Astrologie bietet Ihnen viele M\u00f6glichkeiten.&nbsp;<a href=\"https:\/\/mondknoten.de\/?page_id=2\" class=\"read-more\">Weiter lesen<\/a>","protected":false},"author":1,"featured_media":0,"parent":0,"menu_order":0,"comment_status":"open","ping_status":"open","template":"","meta":{"footnotes":""},"class_list":["post-2","page","type-page","status-publish","hentry"],"_links":{"self":[{"href":"https:\/\/mondknoten.de\/index.php?rest_route=\/wp\/v2\/pages\/2","targetHints":{"allow":["GET"]}}],"collection":[{"href":"https:\/\/mondknoten.de\/index.php?rest_route=\/wp\/v2\/pages"}],"about":[{"href":"https:\/\/mondknoten.de\/index.php?rest_route=\/wp\/v2\/types\/page"}],"author":[{"embeddable":true,"href":"https:\/\/mondknoten.de\/index.php?rest_route=\/wp\/v2\/users\/1"}],"replies":[{"embeddable":true,"href":"https:\/\/mondknoten.de\/index.php?rest_route=%2Fwp%2Fv2%2Fcomments&post=2"}],"version-history":[{"count":41,"href":"https:\/\/mondknoten.de\/index.php?rest_route=\/wp\/v2\/pages\/2\/revisions"}],"predecessor-version":[{"id":1543,"href":"https:\/\/mondknoten.de\/index.php?rest_route=\/wp\/v2\/pages\/2\/revisions\/1543"}],"wp:attachment":[{"href":"https:\/\/mondknoten.de\/index.php?rest_route=%2Fwp%2Fv2%2Fmedia&parent=2"}],"curies":[{"name":"wp","href":"https:\/\/api.w.org\/{rel}","templated":true}]}}