{"id":193,"date":"2014-10-20T13:36:07","date_gmt":"2014-10-20T13:36:07","guid":{"rendered":"http:\/\/gegenschaetze.de\/?page_id=193"},"modified":"2023-07-26T12:20:53","modified_gmt":"2023-07-26T12:20:53","slug":"hier-jetzt","status":"publish","type":"page","link":"https:\/\/mondknoten.de\/?page_id=193","title":{"rendered":"Hier &#038; Jetzt"},"content":{"rendered":"<div class=\"row-fluid \"><div class=\"span4 \"><a href=\"http:\/\/www.hierundjetzt.de\" target=\"_blank\" rel=\"noopener noreferrer\"><img loading=\"lazy\" decoding=\"async\" class=\"alignnone size-full wp-image-424\" src=\"https:\/\/mondknoten.de\/wp-content\/uploads\/2014\/10\/300x127_HJ_panorama.jpg\" alt=\"300x127_HJ_panorama\" width=\"300\" height=\"127\" \/><\/a><\/p><\/div><div class=\"span8 \"><span style=\"color: #3a7d8c;\"><strong>Intensivberatungen:<\/strong><\/span> Jeden 3. Samstag im Monat von 13 bis 17 Uhr: Die Beratung dauert 30 Minuten und findet in der Buchhandlung HIER &amp; JETZT in Hamburg-Ottensen f\u00fcr 40 Euro statt.<\/div><\/div> <!-- .row-fluid (end) -->\n<hr \/>\n<div class=\"hr\"><\/div><!-- .hr (end) -->\n<div class=\"row-fluid \"><div class=\"span4 \"><p><span style=\"color: #3a7d8c;\"><strong>Hilfreiche Impulse aufnehmen<\/strong><\/span><br \/>\nEine Intensivberatung konzentriert sich auf ein Thema. Sie ist empfeh\u00adlens\u00adwert, wenn aktuell wichtige Ent\u00adschei\u00addungen anstehen. Auch f\u00fcr Menschen, die intensive Impulse zu einem bestimmten Themenbereich einer ausf\u00fchrlichen Sitzung vorziehen.<\/p><\/div><div class=\"span4 \"><p><span style=\"color: #3a7d8c;\"><strong>Den \"n\u00e4chsten Schritt\" gehen<\/strong><\/span><br \/>\nDas Angebot der Intensivberatung kann auch sinnvoll sein, wenn das Bed\u00fcrfnis besteht, sich in einer bestimmten Entwick\u00adlungs\u00adphase konti\u00adnuierlich in selbst gew\u00e4hlten Abst\u00e4nden begleiten zu lassen. Kurz\u00adberatungen haben den Anspruch, zu inspirieren und Klarheit zu schaffen. Sie sind gegenwarts\u00adbezogen und praxisnah. Ziel ist es, den anstehenden \u00bbn\u00e4chsten Schritt\u00ab herauszuarbeiten.<\/p><\/div>\n<div class=\"span4 \"><p><span style=\"color: #3a7d8c;\"><strong>Voraussetzungen<\/strong><\/span><br \/>\nGrundlage jeder Beratung sind m\u00f6glichst genaue Daten. Ben\u00f6tigt werden nicht nur Geburtsort und -datum, sondern auch die Geburtszeit. Diese l\u00e4sst sich beim Standesamt des Geburtsortes erfragen.<\/p>\n<p><span style=\"color: #3b6d78;\"><em>Terminabsprache wird empfohlen<\/em><\/span><\/p><\/div><\/div> <!-- .row-fluid (end) -->\n","protected":false},"excerpt":{"rendered":"","protected":false},"author":1,"featured_media":0,"parent":0,"menu_order":0,"comment_status":"open","ping_status":"open","template":"","meta":{"footnotes":""},"class_list":["post-193","page","type-page","status-publish","hentry"],"_links":{"self":[{"href":"https:\/\/mondknoten.de\/index.php?rest_route=\/wp\/v2\/pages\/193","targetHints":{"allow":["GET"]}}],"collection":[{"href":"https:\/\/mondknoten.de\/index.php?rest_route=\/wp\/v2\/pages"}],"about":[{"href":"https:\/\/mondknoten.de\/index.php?rest_route=\/wp\/v2\/types\/page"}],"author":[{"embeddable":true,"href":"https:\/\/mondknoten.de\/index.php?rest_route=\/wp\/v2\/users\/1"}],"replies":[{"embeddable":true,"href":"https:\/\/mondknoten.de\/index.php?rest_route=%2Fwp%2Fv2%2Fcomments&post=193"}],"version-history":[{"count":67,"href":"https:\/\/mondknoten.de\/index.php?rest_route=\/wp\/v2\/pages\/193\/revisions"}],"predecessor-version":[{"id":1413,"href":"https:\/\/mondknoten.de\/index.php?rest_route=\/wp\/v2\/pages\/193\/revisions\/1413"}],"wp:attachment":[{"href":"https:\/\/mondknoten.de\/index.php?rest_route=%2Fwp%2Fv2%2Fmedia&parent=193"}],"curies":[{"name":"wp","href":"https:\/\/api.w.org\/{rel}","templated":true}]}}